{"id":2225,"date":"2025-10-27T08:24:46","date_gmt":"2025-10-27T08:24:46","guid":{"rendered":"http:\/\/laweta24-wawa.pl\/?page_id=2225"},"modified":"2025-10-28T19:08:06","modified_gmt":"2025-10-28T19:08:06","slug":"kontakt","status":"publish","type":"page","link":"https:\/\/laweta24-wawa.pl\/en\/kontakt\/","title":{"rendered":"Contact"},"content":{"rendered":"<style>.kb-row-layout-id2225_9d306c-c8 > .kt-row-column-wrap{align-content:center;}:where(.kb-row-layout-id2225_9d306c-c8 > .kt-row-column-wrap) > .wp-block-kadence-column{justify-content:center;}.kb-row-layout-id2225_9d306c-c8 > .kt-row-column-wrap{column-gap:var(--global-kb-gap-none, 0rem );row-gap:var(--global-kb-gap-md, 2rem);max-width:var( --global-content-width, 1240px );padding-left:var(--global-content-edge-padding);padding-right:var(--global-content-edge-padding);padding-top:var(--global-kb-spacing-md, 2rem);padding-bottom:var(--global-kb-spacing-md, 2rem);grid-template-columns:minmax(0, calc(55% - ((var(--global-kb-gap-none, 0rem ) * 1 )\/2)))minmax(0, calc(45% - ((var(--global-kb-gap-none, 0rem ) * 1 )\/2)));}.kb-row-layout-id2225_9d306c-c8 > .kt-row-layout-overlay{opacity:0.43;}@media all and (max-width: 1024px){.kb-row-layout-id2225_9d306c-c8 > .kt-row-column-wrap{grid-template-columns:repeat(2, minmax(0, 1fr));}}@media all and (max-width: 767px){.kb-row-layout-id2225_9d306c-c8 > .kt-row-column-wrap{grid-template-columns:minmax(0, 1fr);}}<\/style><div class=\"kb-row-layout-wrap kb-row-layout-id2225_9d306c-c8 alignfull wp-block-kadence-rowlayout\"><div class=\"kt-row-column-wrap kt-has-2-columns kt-row-layout-equal kt-tab-layout-inherit kt-mobile-layout-row kt-row-valign-middle kb-theme-content-width\">\n<style>.kadence-column2225_bc0853-bd > .kt-inside-inner-col{padding-top:var(--global-kb-spacing-xl, 4rem);padding-right:var(--global-kb-spacing-lg, 3rem);padding-bottom:var(--global-kb-spacing-xl, 4rem);padding-left:var(--global-kb-spacing-xl, 4rem);}.kadence-column2225_bc0853-bd > .kt-inside-inner-col,.kadence-column2225_bc0853-bd > .kt-inside-inner-col:before{border-top-left-radius:0px;border-top-right-radius:0px;border-bottom-right-radius:0px;border-bottom-left-radius:0px;}.kadence-column2225_bc0853-bd > .kt-inside-inner-col{column-gap:var(--global-kb-gap-sm, 1rem);}.kadence-column2225_bc0853-bd > .kt-inside-inner-col{flex-direction:column;}.kadence-column2225_bc0853-bd > .kt-inside-inner-col > .aligncenter{width:100%;}.kadence-column2225_bc0853-bd > .kt-inside-inner-col{background-color:var(--global-palette9, #ffffff);}.kadence-column2225_bc0853-bd > .kt-inside-inner-col:before{opacity:0.3;}.kadence-column2225_bc0853-bd{position:relative;}@media all and (max-width: 1024px){.kadence-column2225_bc0853-bd > .kt-inside-inner-col{flex-direction:column;justify-content:center;}}@media all and (max-width: 767px){.kadence-column2225_bc0853-bd > .kt-inside-inner-col{padding-top:0px;padding-right:0px;padding-bottom:0px;padding-left:0px;flex-direction:column;justify-content:center;}}<\/style>\n<div class=\"wp-block-kadence-column kadence-column2225_bc0853-bd fade-in\"><div class=\"kt-inside-inner-col\"><style>.wp-block-kadence-advancedheading.kt-adv-heading2225_7ebcd6-95, .wp-block-kadence-advancedheading.kt-adv-heading2225_7ebcd6-95[data-kb-block=\"kb-adv-heading2225_7ebcd6-95\"]{margin-top:0px;margin-bottom:0px;font-size:38px;font-style:normal;}.wp-block-kadence-advancedheading.kt-adv-heading2225_7ebcd6-95 mark.kt-highlight, .wp-block-kadence-advancedheading.kt-adv-heading2225_7ebcd6-95[data-kb-block=\"kb-adv-heading2225_7ebcd6-95\"] mark.kt-highlight{font-style:normal;color:#f76a0c;-webkit-box-decoration-break:clone;box-decoration-break:clone;padding-top:0px;padding-right:0px;padding-bottom:0px;padding-left:0px;}<\/style>\n<h2 class=\"kt-adv-heading2225_7ebcd6-95 wp-block-kadence-advancedheading\" data-kb-block=\"kb-adv-heading2225_7ebcd6-95\">Zam\u00f3w lawet\u0119<\/h2>\n\n\n<style>.wp-block-kadence-spacer.kt-block-spacer-2225_3c90a4-79 .kt-block-spacer{height:70px;}.wp-block-kadence-spacer.kt-block-spacer-2225_3c90a4-79 .kt-divider{border-top-width:1px;height:1px;border-top-color:rgba(113, 128, 150, 0.19);width:100%;border-top-style:solid;}<\/style>\n<div class=\"wp-block-kadence-spacer aligncenter kt-block-spacer-2225_3c90a4-79\"><div class=\"kt-block-spacer kt-block-spacer-halign-center\"><hr class=\"kt-divider\"\/><\/div><\/div>\n\n\n<style>.wp-block-kadence-iconlist.kt-svg-icon-list-items2225_c4aab8-9a:not(.this-stops-third-party-issues){margin-top:0px;margin-bottom:0px;}.wp-block-kadence-iconlist.kt-svg-icon-list-items2225_c4aab8-9a ul.kt-svg-icon-list:not(.this-prevents-issues):not(.this-stops-third-party-issues):not(.tijsloc){margin-top:0px;margin-right:0px;margin-bottom:var(--global-kb-spacing-sm, 1.5rem);margin-left:0px;column-gap:10px;}.wp-block-kadence-iconlist.kt-svg-icon-list-items2225_c4aab8-9a ul.kt-svg-icon-list{grid-row-gap:24px;}.wp-block-kadence-iconlist.kt-svg-icon-list-items2225_c4aab8-9a .kb-svg-icon-wrap{font-size:15px;color:var(--global-palette1, #3182CE);}.wp-block-kadence-iconlist.kt-svg-icon-list-items2225_c4aab8-9a ul.kt-svg-icon-list .kt-svg-icon-list-item-wrap .kt-svg-icon-list-single{margin-right:20px;}.kt-svg-icon-list-items2225_c4aab8-9a ul.kt-svg-icon-list .kt-svg-icon-list-item-wrap, .kt-svg-icon-list-items2225_c4aab8-9a ul.kt-svg-icon-list .kt-svg-icon-list-item-wrap a{font-size:18px;font-weight:600;}.kt-svg-icon-list-items2225_c4aab8-9a ul.kt-svg-icon-list .kt-svg-icon-list-level-0 .kt-svg-icon-list-single svg{font-size:20px;}.wp-block-kadence-iconlist.kt-svg-icon-list-items2225_c4aab8-9a ul.kt-svg-icon-list .kt-svg-icon-list-single{background-color:var(--global-palette9, #ffffff);border-radius:50%;border-color:var(--global-palette1, #3182CE);border-width:2px;border-style:solid;padding:14px;}.wp-block-kadence-iconlist.kt-svg-icon-list-items2225_c4aab8-9a .wp-block-kadence-listitem a{text-decoration:none;}.wp-block-kadence-iconlist.kt-svg-icon-list-items2225_c4aab8-9a ul.kt-svg-icon-list .wp-block-kadence-listitem a{color:var(--global-palette4, #2D3748);}.wp-block-kadence-iconlist.kt-svg-icon-list-items2225_c4aab8-9a ul.kt-svg-icon-list .wp-block-kadence-listitem a:hover{color:var(--global-palette1, #3182CE);}<\/style>\n<div class=\"wp-block-kadence-iconlist kt-svg-icon-list-items kt-svg-icon-list-items2225_c4aab8-9a kt-svg-icon-list-columns-1 alignnone\"><ul class=\"kt-svg-icon-list\"><style>.kt-svg-icon-list-item-2225_a06702-5a .kt-svg-icon-list-text mark.kt-highlight{background-color:unset;font-style:normal;color:#f76a0c;-webkit-box-decoration-break:clone;box-decoration-break:clone;padding-top:0px;padding-right:0px;padding-bottom:0px;padding-left:0px;}<\/style>\n<li class=\"wp-block-kadence-listitem kt-svg-icon-list-item-wrap kt-svg-icon-list-item-2225_a06702-5a\"><a href=\"tel:+48730340032\" class=\"kt-svg-icon-link\"><span class=\"kb-svg-icon-wrap kb-svg-icon-fe_phoneCall kt-svg-icon-list-single\"><svg viewbox=\"0 0 24 24\"  fill=\"none\" stroke=\"currentColor\" stroke-width=\"2\" stroke-linecap=\"round\" stroke-linejoin=\"round\" xmlns=\"http:\/\/www.w3.org\/2000\/svg\"  aria-hidden=\"true\"><path d=\"M15.05 5A5 5 0 0 1 19 8.95M15.05 1A9 9 0 0 1 23 8.94m-1 7.98v3a2 2 0 0 1-2.18 2 19.79 19.79 0 0 1-8.63-3.07 19.5 19.5 0 0 1-6-6 19.79 19.79 0 0 1-3.07-8.67A2 2 0 0 1 4.11 2h3a2 2 0 0 1 2 1.72 12.84 12.84 0 0 0 .7 2.81 2 2 0 0 1-.45 2.11L8.09 9.91a16 16 0 0 0 6 6l1.27-1.27a2 2 0 0 1 2.11-.45 12.84 12.84 0 0 0 2.81.7A2 2 0 0 1 22 16.92z\"\/><\/svg><\/span><span class=\"kt-svg-icon-list-text\">+48 730 340 032<\/span><\/a><\/li>\n\n\n<style>.kt-svg-icon-list-item-2225_1d9413-7c .kt-svg-icon-list-text mark.kt-highlight{background-color:unset;font-style:normal;color:#f76a0c;-webkit-box-decoration-break:clone;box-decoration-break:clone;padding-top:0px;padding-right:0px;padding-bottom:0px;padding-left:0px;}<\/style>\n<li class=\"wp-block-kadence-listitem kt-svg-icon-list-item-wrap kt-svg-icon-list-item-2225_1d9413-7c\"><a href=\"mailto:biuro@laweta24-wawa.pl\" class=\"kt-svg-icon-link\"><span class=\"kb-svg-icon-wrap kb-svg-icon-fe_mail kt-svg-icon-list-single\"><svg viewbox=\"0 0 24 24\"  fill=\"none\" stroke=\"currentColor\" stroke-width=\"2\" stroke-linecap=\"round\" stroke-linejoin=\"round\" xmlns=\"http:\/\/www.w3.org\/2000\/svg\"  aria-hidden=\"true\"><path d=\"M4 4h16c1.1 0 2 .9 2 2v12c0 1.1-.9 2-2 2H4c-1.1 0-2-.9-2-2V6c0-1.1.9-2 2-2z\"\/><polyline points=\"22,6 12,13 2,6\"\/><\/svg><\/span><span class=\"kt-svg-icon-list-text\">biuro@laweta24-wawa.pl<\/span><\/a><\/li>\n\n\n<style>.kt-svg-icon-list-item-2225_e45d57-dd .kt-svg-icon-list-text mark.kt-highlight{background-color:unset;font-style:normal;color:#f76a0c;-webkit-box-decoration-break:clone;box-decoration-break:clone;padding-top:0px;padding-right:0px;padding-bottom:0px;padding-left:0px;}<\/style>\n<li class=\"wp-block-kadence-listitem kt-svg-icon-list-item-wrap kt-svg-icon-list-item-2225_e45d57-dd\"><span class=\"kb-svg-icon-wrap kb-svg-icon-ic_timer kt-svg-icon-list-single\"><svg viewbox=\"0 0 8 8\"  fill=\"currentColor\" xmlns=\"http:\/\/www.w3.org\/2000\/svg\"  aria-hidden=\"true\"><path d=\"M2 0v1h1v.03c-1.7.24-3 1.71-3 3.47 0 1.93 1.57 3.5 3.5 3.5s3.5-1.57 3.5-3.5c0-.45-.1-.87-.25-1.25l-.91.38c.11.29.16.57.16.88 0 1.39-1.11 2.5-2.5 2.5s-2.5-1.11-2.5-2.5 1.11-2.5 2.5-2.5c.3 0 .59.05.88.16l.34-.94c-.23-.08-.47-.12-.72-.16v-.06h1v-1h-3zm5 1.16s-3.65 2.81-3.84 3c-.19.2-.19.49 0 .69.19.2.49.2.69 0 .2-.2 3.16-3.69 3.16-3.69z\"\/><\/svg><\/span><span class=\"kt-svg-icon-list-text\">Pon &#8211; Nd  24h<\/span><\/li>\n\n\n<style>.kt-svg-icon-list-item-2225_c58fc8-97 .kt-svg-icon-list-text mark.kt-highlight{background-color:unset;font-style:normal;color:#f76a0c;-webkit-box-decoration-break:clone;box-decoration-break:clone;padding-top:0px;padding-right:0px;padding-bottom:0px;padding-left:0px;}<\/style>\n<li class=\"wp-block-kadence-listitem kt-svg-icon-list-item-wrap kt-svg-icon-list-item-2225_c58fc8-97\"><span class=\"kb-svg-icon-wrap kb-svg-icon-fe_mapPin kt-svg-icon-list-single\"><svg viewbox=\"0 0 24 24\"  fill=\"none\" stroke=\"currentColor\" stroke-width=\"2\" stroke-linecap=\"round\" stroke-linejoin=\"round\" xmlns=\"http:\/\/www.w3.org\/2000\/svg\"  aria-hidden=\"true\"><path d=\"M21 10c0 7-9 13-9 13s-9-6-9-13a9 9 0 0 1 18 0z\"\/><circle cx=\"12\" cy=\"10\" r=\"3\"\/><\/svg><\/span><span class=\"kt-svg-icon-list-text\">Pomiechowska 56, 04-692 Warszawa<\/span><\/li>\n<\/ul><\/div>\n<\/div><\/div>\n\n\n<style>.kadence-column2225_a12846-c1 > .kt-inside-inner-col{display:flex;}.kadence-column2225_a12846-c1 > .kt-inside-inner-col{padding-top:var(--global-kb-spacing-xl, 4rem);padding-right:var(--global-kb-spacing-xl, 4rem);padding-bottom:var(--global-kb-spacing-xxl, 5rem);padding-left:var(--global-kb-spacing-xl, 4rem);}.kadence-column2225_a12846-c1 > .kt-inside-inner-col{border-top:1px solid rgba(113,128,150,0.2);border-right:1px solid rgba(113,128,150,0.2);border-bottom:1px solid rgba(113,128,150,0.2);border-left:1px solid rgba(113,128,150,0.2);}.kadence-column2225_a12846-c1 > .kt-inside-inner-col,.kadence-column2225_a12846-c1 > .kt-inside-inner-col:before{border-top-left-radius:0px;border-top-right-radius:0px;border-bottom-right-radius:0px;border-bottom-left-radius:0px;}.kadence-column2225_a12846-c1 > .kt-inside-inner-col{row-gap:var(--global-kb-gap-sm, 1rem);column-gap:var(--global-kb-gap-sm, 1rem);}.kadence-column2225_a12846-c1 > .kt-inside-inner-col{flex-direction:column;}.kadence-column2225_a12846-c1 > .kt-inside-inner-col > .aligncenter{width:100%;}.kadence-column2225_a12846-c1 > .kt-inside-inner-col{background-color:var(--global-palette9, #ffffff);}.kadence-column2225_a12846-c1 > .kt-inside-inner-col:before{opacity:0.5;}.kadence-column2225_a12846-c1{position:relative;}.kadence-column2225_a12846-c1, .kt-inside-inner-col > .kadence-column2225_a12846-c1:not(.specificity){margin-left:-80px;}@media all and (max-width: 1024px){.kadence-column2225_a12846-c1 > .kt-inside-inner-col{border-top:1px solid rgba(113,128,150,0.2);border-right:1px solid rgba(113,128,150,0.2);border-bottom:1px solid rgba(113,128,150,0.2);border-left:1px solid rgba(113,128,150,0.2);flex-direction:column;justify-content:center;}}@media all and (max-width: 767px){.kadence-column2225_a12846-c1 > .kt-inside-inner-col{padding-top:var(--global-kb-spacing-sm, 1.5rem);padding-right:var(--global-kb-spacing-sm, 1.5rem);padding-bottom:var(--global-kb-spacing-sm, 1.5rem);padding-left:var(--global-kb-spacing-sm, 1.5rem);border-top:1px solid rgba(113,128,150,0.2);border-right:1px solid rgba(113,128,150,0.2);border-bottom:1px solid rgba(113,128,150,0.2);border-left:1px solid rgba(113,128,150,0.2);flex-direction:column;justify-content:center;}.kadence-column2225_a12846-c1, .kt-inside-inner-col > .kadence-column2225_a12846-c1:not(.specificity){margin-left:0px;}}<\/style>\n<div class=\"wp-block-kadence-column kadence-column2225_a12846-c1 fade-in\"><div class=\"kt-inside-inner-col\"><style>.wp-block-kadence-advancedheading.kt-adv-heading2225_e18e27-54, .wp-block-kadence-advancedheading.kt-adv-heading2225_e18e27-54[data-kb-block=\"kb-adv-heading2225_e18e27-54\"]{margin-bottom:0px;font-style:normal;}.wp-block-kadence-advancedheading.kt-adv-heading2225_e18e27-54 mark.kt-highlight, .wp-block-kadence-advancedheading.kt-adv-heading2225_e18e27-54[data-kb-block=\"kb-adv-heading2225_e18e27-54\"] mark.kt-highlight{font-style:normal;color:#f76a0c;-webkit-box-decoration-break:clone;box-decoration-break:clone;padding-top:0px;padding-right:0px;padding-bottom:0px;padding-left:0px;}<\/style>\n<h3 class=\"kt-adv-heading2225_e18e27-54 wp-block-kadence-advancedheading\" data-kb-block=\"kb-adv-heading2225_e18e27-54\">Wy\u015blij formularz<\/h3>\n\n\n<style>.wp-block-kadence-advanced-form2349-cpt-id, .wp-block-kadence-advanced-form2349-cpt-id.kb-form-has-background{margin-top:0px;}.wp-block-kadence-advanced-form2349-cpt-id .kb-advanced-form{gap:var(--global-kb-gap-sm, 1rem);}<\/style><div class=\"wp-block-kadence-advanced-form wp-block-kadence-advanced-form2349-cpt-id kb-adv-form-label-style-infield kb-adv-form-input-size-standard kb-form-basic-style wp-block-kadence-advanced-form\"><form id=\"kb-adv-form-2349-cpt-id\" class=\"kb-advanced-form\" method=\"post\" action=\"\">\n<style>.kb-row-layout-id2225_b36d1f-db > .kt-row-column-wrap{align-content:start;}:where(.kb-row-layout-id2225_b36d1f-db > .kt-row-column-wrap) > .wp-block-kadence-column{justify-content:start;}.kb-row-layout-id2225_b36d1f-db > .kt-row-column-wrap{column-gap:var(--global-kb-gap-sm, 1rem);row-gap:var(--global-kb-gap-sm, 1rem);padding-top:0px;padding-right:0px;padding-bottom:0px;padding-left:0px;grid-template-columns:repeat(2, minmax(0, 1fr));}.kb-row-layout-id2225_b36d1f-db > .kt-row-layout-overlay{opacity:0.30;}@media all and (max-width: 1024px){.kb-row-layout-id2225_b36d1f-db > .kt-row-column-wrap{grid-template-columns:repeat(2, minmax(0, 1fr));}}@media all and (max-width: 767px){.kb-row-layout-id2225_b36d1f-db > .kt-row-column-wrap{grid-template-columns:minmax(0, 1fr);}}<\/style><div class=\"kb-row-layout-wrap kb-row-layout-id2225_b36d1f-db alignnone wp-block-kadence-rowlayout\"><div class=\"kt-row-column-wrap kt-has-2-columns kt-row-layout-equal kt-tab-layout-inherit kt-mobile-layout-row kt-row-valign-top\">\n<style>.kadence-column2225_7820f9-82 > .kt-inside-inner-col,.kadence-column2225_7820f9-82 > .kt-inside-inner-col:before{border-top-left-radius:0px;border-top-right-radius:0px;border-bottom-right-radius:0px;border-bottom-left-radius:0px;}.kadence-column2225_7820f9-82 > .kt-inside-inner-col{column-gap:var(--global-kb-gap-sm, 1rem);}.kadence-column2225_7820f9-82 > .kt-inside-inner-col{flex-direction:column;}.kadence-column2225_7820f9-82 > .kt-inside-inner-col > .aligncenter{width:100%;}.kadence-column2225_7820f9-82 > .kt-inside-inner-col:before{opacity:0.3;}.kadence-column2225_7820f9-82{position:relative;}@media all and (max-width: 1024px){.kadence-column2225_7820f9-82 > .kt-inside-inner-col{flex-direction:column;justify-content:center;}}@media all and (max-width: 767px){.kadence-column2225_7820f9-82 > .kt-inside-inner-col{flex-direction:column;justify-content:center;}}<\/style>\n<div class=\"wp-block-kadence-column kadence-column2225_7820f9-82\"><div class=\"kt-inside-inner-col\"><div class=\"kb-adv-form-field kb-adv-form-text-type-input kb-adv-form-infield-type-input kb-field23494ed93c-2f wp-block-kadence-advanced-form-text\"><label class=\"kb-adv-form-label\" for=\"field23494ed93c-2f\">Name<\/label><input name=\"field4ed93c-2f\" id=\"field23494ed93c-2f\" data-label=\"Imi\u0119\" type=\"text\" placeholder=\"\" value=\"\" data-type=\"text\" class=\"kb-field kb-text-field\" data-required=\"no\" \/><\/div><\/div><\/div>\n\n\n<style>.kadence-column2225_81706d-b2 > .kt-inside-inner-col,.kadence-column2225_81706d-b2 > .kt-inside-inner-col:before{border-top-left-radius:0px;border-top-right-radius:0px;border-bottom-right-radius:0px;border-bottom-left-radius:0px;}.kadence-column2225_81706d-b2 > .kt-inside-inner-col{column-gap:var(--global-kb-gap-sm, 1rem);}.kadence-column2225_81706d-b2 > .kt-inside-inner-col{flex-direction:column;}.kadence-column2225_81706d-b2 > .kt-inside-inner-col > .aligncenter{width:100%;}.kadence-column2225_81706d-b2 > .kt-inside-inner-col:before{opacity:0.3;}.kadence-column2225_81706d-b2{position:relative;}@media all and (max-width: 1024px){.kadence-column2225_81706d-b2 > .kt-inside-inner-col{flex-direction:column;justify-content:center;}}@media all and (max-width: 767px){.kadence-column2225_81706d-b2 > .kt-inside-inner-col{flex-direction:column;justify-content:center;}}<\/style>\n<div class=\"wp-block-kadence-column kadence-column2225_81706d-b2\"><div class=\"kt-inside-inner-col\"><div class=\"kb-adv-form-field kb-adv-form-text-type-input kb-adv-form-infield-type-input kb-field23495025f0-63 wp-block-kadence-advanced-form-email\"><label class=\"kb-adv-form-label\" for=\"field23495025f0-63\">E-mail<span class=\"kb-adv-form-required\">*<\/span><\/label><input name=\"field5025f0-63\" id=\"field23495025f0-63\" data-label=\"Email\" type=\"email\" placeholder=\"\" value=\"\" data-type=\"email\" class=\"kb-field kb-email-field\" data-required=\"yes\" required aria-required=\"true\"\/><\/div><\/div><\/div>\n\n<\/div><\/div>\n\n<div class=\"kb-adv-form-field kb-adv-form-text-type-input kb-adv-form-infield-type-input kb-field23497e69cf-7b wp-block-kadence-advanced-form-textarea\"><label class=\"kb-adv-form-label\" for=\"field23497e69cf-7b\">Message<span class=\"kb-adv-form-required\">*<\/span><\/label><textarea name=\"field7e69cf-7b\" id=\"field23497e69cf-7b\" rows=\"3\"  data-label=\"Wiadomo\u015b\u0107\" placeholder=\"\" data-type=\"textarea\" class=\"kb-field kb-textarea-field\" data-required=\"yes\" required aria-required=\"true\"><\/textarea><\/div>\n\n<div class=\"kb-adv-form-field kb-field23499b97f0-4d wp-block-kadence-advanced-form-accept\"><fieldset class=\"kb-radio-check-item-wrap\" id=\"cb23499b97f0-4d\" data-type=\"accept\" data-required=\"no\" ><div class=\"kb-radio-check-item\"><input name=\"field9b97f0-4d\" id=\"field23499b97f0-4d_0\" data-label=\"\" type=\"checkbox\" value=\"accept\" data-type=\"accept\" class=\"kb-field kb-accept-field kb-checkbox-field\" data-required=\"no\" \/><label for=\"field23499b97f0-4d_0\">Wyra\u017cam zgod\u0119 na wysy\u0142anie informacji handlowych na wskazany przeze mnie adres email<\/label><\/div><\/fieldset><\/div>\n\n<style>ul.menu .kb-submit-field .kb-btn425f47-34.kb-button{width:initial;}.kb-submit-field .kb-btn425f47-34.kb-button{color:var(--global-palette9, #ffffff);}.kb-submit-field.kb-field425f47-34{justify-content:flex-start;}<\/style><div class=\"kb-adv-form-field kb-submit-field kb-field425f47-34 wp-block-kadence-advanced-form-submit\"><button class=\"kb-button kt-button button kb-adv-form-submit-button kb-btn425f47-34 kt-btn-size-standard kt-btn-width-type-auto kb-btn-global-inherit kt-btn-has-text-true kt-btn-has-svg-false wp-block-button__link\" type=\"submit\"><span class=\"kt-btn-inner-text\">Send<\/span><\/button><\/div>\n<input type=\"hidden\" name=\"_kb_adv_form_post_id\" value=\"2349\"><input type=\"hidden\" name=\"action\" value=\"kb_process_advanced_form_submit\"><input type=\"hidden\" name=\"_kb_adv_form_id\" value=\"2349-cpt-id\"><input type=\"hidden\" name=\"trp-form-language\" value=\"en\"\/><\/form><\/div><\/div><\/div>\n\n<\/div><\/div>","protected":false},"excerpt":{"rendered":"<p>Zam\u00f3w lawet\u0119 Wy\u015blij formularz<\/p>","protected":false},"author":4,"featured_media":0,"parent":0,"menu_order":0,"comment_status":"closed","ping_status":"closed","template":"","meta":{"_acf_changed":false,"_kad_blocks_custom_css":"","_kad_blocks_head_custom_js":"","_kad_blocks_body_custom_js":"","_kad_blocks_footer_custom_js":"","_kad_post_transparent":"","_kad_post_title":"","_kad_post_layout":"","_kad_post_sidebar_id":"","_kad_post_content_style":"","_kad_post_vertical_padding":"","_kad_post_feature":"","_kad_post_feature_position":"","_kad_post_header":false,"_kad_post_footer":false,"footnotes":""},"class_list":["post-2225","page","type-page","status-publish","hentry"],"acf":[],"taxonomy_info":[],"featured_image_src_large":false,"author_info":{"display_name":"User","author_link":"https:\/\/laweta24-wawa.pl\/en\/author\/user\/"},"comment_info":0,"_links":{"self":[{"href":"https:\/\/laweta24-wawa.pl\/en\/wp-json\/wp\/v2\/pages\/2225","targetHints":{"allow":["GET"]}}],"collection":[{"href":"https:\/\/laweta24-wawa.pl\/en\/wp-json\/wp\/v2\/pages"}],"about":[{"href":"https:\/\/laweta24-wawa.pl\/en\/wp-json\/wp\/v2\/types\/page"}],"author":[{"embeddable":true,"href":"https:\/\/laweta24-wawa.pl\/en\/wp-json\/wp\/v2\/users\/4"}],"replies":[{"embeddable":true,"href":"https:\/\/laweta24-wawa.pl\/en\/wp-json\/wp\/v2\/comments?post=2225"}],"version-history":[{"count":36,"href":"https:\/\/laweta24-wawa.pl\/en\/wp-json\/wp\/v2\/pages\/2225\/revisions"}],"predecessor-version":[{"id":2780,"href":"https:\/\/laweta24-wawa.pl\/en\/wp-json\/wp\/v2\/pages\/2225\/revisions\/2780"}],"wp:attachment":[{"href":"https:\/\/laweta24-wawa.pl\/en\/wp-json\/wp\/v2\/media?parent=2225"}],"curies":[{"name":"wp","href":"https:\/\/api.w.org\/{rel}","templated":true}]}}